{"id":59,"date":"2025-10-07T09:27:36","date_gmt":"2025-10-07T09:27:36","guid":{"rendered":"https:\/\/zwonowice.pl\/?page_id=59"},"modified":"2025-11-04T17:21:09","modified_gmt":"2025-11-04T17:21:09","slug":"lokalne-firmy","status":"publish","type":"page","link":"https:\/\/zwonowice.pl\/index.php\/lokalne-firmy\/","title":{"rendered":"Lokalne Firmy"},"content":{"rendered":"\n<p class=\"has-small-font-size\">Aby doda\u0107 swoj\u0105 firm\u0119, napisz do nas na adres: <strong><a>bok@zwonowice.pl<\/a><\/strong><\/p>\n\n\n\n<p class=\"has-small-font-size\">W wiadomo\u015bci podaj <strong>nazw\u0119 firmy lub marki<\/strong>, <strong>logo lub zdj\u0119cie<\/strong>, <strong>kr\u00f3tki opis dzia\u0142alno\u015bci<\/strong> oraz <strong>dane kontaktowe<\/strong>.<\/p>\n\n\n\n<hr class=\"wp-block-separator has-alpha-channel-opacity\"\/>\n\n\n\n<div class=\"wp-block-media-text is-stacked-on-mobile\" style=\"grid-template-columns:40% auto\"><figure class=\"wp-block-media-text__media\"><img loading=\"lazy\" decoding=\"async\" width=\"700\" height=\"700\" src=\"https:\/\/zwonowice.pl\/wp-content\/uploads\/2025\/10\/lux.png\" alt=\"\" class=\"wp-image-60 size-full\" srcset=\"https:\/\/zwonowice.pl\/wp-content\/uploads\/2025\/10\/lux.png 700w, https:\/\/zwonowice.pl\/wp-content\/uploads\/2025\/10\/lux-300x300.png 300w, https:\/\/zwonowice.pl\/wp-content\/uploads\/2025\/10\/lux-150x150.png 150w\" sizes=\"auto, (max-width: 700px) 100vw, 700px\" \/><\/figure><div class=\"wp-block-media-text__content\">\n<p class=\"has-medium-font-size\"><strong>Lux Corp Sp. z o.o.<\/strong><\/p>\n\n\n\n<ul class=\"wp-block-list\">\n<li>Szeroko poj\u0119te doradztwo IT<\/li>\n\n\n\n<li>Konsultacje z zakresu najnowszych technologii<\/li>\n\n\n\n<li>Planowanie inwestycji informatycznych<\/li>\n\n\n\n<li>Optymalizacja proces\u00f3w biznesowych<\/li>\n\n\n\n<li>Projektowanie i zarz\u0105dzanie sieciami<\/li>\n<\/ul>\n\n\n\n<p><strong>@<\/strong> bok@luxcorp.pl<br><strong>www<\/strong> it.luxcorp.pl<br><strong>\u260f <\/strong>669 840 505<\/p>\n<\/div><\/div>\n\n\n\n<hr class=\"wp-block-separator has-alpha-channel-opacity\"\/>\n\n\n\n<div class=\"wp-block-media-text has-media-on-the-right is-stacked-on-mobile\"><div class=\"wp-block-media-text__content\">\n<p><strong>WOJ-TECH SERVICES Sp. z o.o.<\/strong><\/p>\n\n\n\n<ul class=\"wp-block-list\">\n<li>Komputery, Laptopy<\/li>\n\n\n\n<li>Sprzeda\u017c, serwis, naprawa, modernizacja, <\/li>\n\n\n\n<li>Akcesoria komputerowe<\/li>\n\n\n\n<li>Szeroko poj\u0119te doradztwo IT<\/li>\n\n\n\n<li>Konsultacje z zakresu najnowszych technologii<\/li>\n\n\n\n<li>Projektowanie i zarz\u0105dzanie sieciami<\/li>\n\n\n\n<li>Gwarancja oraz faktura VAT!<\/li>\n<\/ul>\n\n\n\n<p><strong>@<\/strong> wojtech.services@gmail.com<br><strong>www<\/strong> <br><strong>\u260f <\/strong>570 608 633<\/p>\n<\/div><figure class=\"wp-block-media-text__media\"><img loading=\"lazy\" decoding=\"async\" width=\"1024\" height=\"1024\" src=\"https:\/\/zwonowice.pl\/wp-content\/uploads\/2025\/10\/logo-200x200-1-1024x1024.png\" alt=\"\" class=\"wp-image-88 size-full\" srcset=\"https:\/\/zwonowice.pl\/wp-content\/uploads\/2025\/10\/logo-200x200-1-1024x1024.png 1024w, https:\/\/zwonowice.pl\/wp-content\/uploads\/2025\/10\/logo-200x200-1-300x300.png 300w, https:\/\/zwonowice.pl\/wp-content\/uploads\/2025\/10\/logo-200x200-1-150x150.png 150w, https:\/\/zwonowice.pl\/wp-content\/uploads\/2025\/10\/logo-200x200-1-768x768.png 768w, https:\/\/zwonowice.pl\/wp-content\/uploads\/2025\/10\/logo-200x200-1-1536x1536.png 1536w, https:\/\/zwonowice.pl\/wp-content\/uploads\/2025\/10\/logo-200x200-1-2048x2048.png 2048w, https:\/\/zwonowice.pl\/wp-content\/uploads\/2025\/10\/logo-200x200-1-850x850.png 850w\" sizes=\"auto, (max-width: 1024px) 100vw, 1024px\" \/><\/figure><\/div>\n\n\n\n<hr class=\"wp-block-separator has-alpha-channel-opacity\"\/>\n\n\n\n<div class=\"wp-block-media-text is-stacked-on-mobile\"><figure class=\"wp-block-media-text__media\"><img loading=\"lazy\" decoding=\"async\" width=\"1000\" height=\"1000\" src=\"https:\/\/zwonowice.pl\/wp-content\/uploads\/2025\/10\/LuxeGraver_Logo2.png\" alt=\"\" class=\"wp-image-158 size-full\" srcset=\"https:\/\/zwonowice.pl\/wp-content\/uploads\/2025\/10\/LuxeGraver_Logo2.png 1000w, https:\/\/zwonowice.pl\/wp-content\/uploads\/2025\/10\/LuxeGraver_Logo2-300x300.png 300w, https:\/\/zwonowice.pl\/wp-content\/uploads\/2025\/10\/LuxeGraver_Logo2-150x150.png 150w, https:\/\/zwonowice.pl\/wp-content\/uploads\/2025\/10\/LuxeGraver_Logo2-768x768.png 768w, https:\/\/zwonowice.pl\/wp-content\/uploads\/2025\/10\/LuxeGraver_Logo2-850x850.png 850w\" sizes=\"auto, (max-width: 1000px) 100vw, 1000px\" \/><\/figure><div class=\"wp-block-media-text__content\">\n<p><strong>LuxeGraver Studio<\/strong><\/p>\n\n\n\n<ul class=\"wp-block-list\">\n<li>Grawer i <span style=\"text-decoration: underline;\"><strong>ci\u0119cie<\/strong><\/span> laserem w drewnie, sklejce, HDF<\/li>\n\n\n\n<li>Grawer w materia\u0142ach typu plexi, szk\u0142o, anodowane aluminium, sk\u00f3ra, <\/li>\n\n\n\n<li>Od poz\u0142acanych akcent\u00f3w po spersonalizowane dekoracje na specjalne okazje.<\/li>\n\n\n\n<li>Nasze prace upi\u0119kszaj\u0105 \u015bluby, chrzty, roczki, urodziny(np 60tka), panie\u0144skie, gale, bankiety i inne presti\u017cowe wydarzenia.<\/li>\n\n\n\n<li>Tw\u00f3j event, Nasz akcent<\/li>\n<\/ul>\n\n\n\n<p><strong>@<\/strong> Oferta@Luxegraver.pl<br><strong>www<\/strong> luxegraver.pl<br><strong>\u260f <\/strong>881 426 032<\/p>\n<\/div><\/div>\n\n\n\n<hr class=\"wp-block-separator has-alpha-channel-opacity\"\/>\n\n\n\n<div class=\"wp-block-media-text has-media-on-the-right is-stacked-on-mobile\" style=\"grid-template-columns:auto 38%\"><div class=\"wp-block-media-text__content\">\n<p><strong>RemSiT Tomasz Wawro<\/strong><\/p>\n\n\n\n<p>Firma RemSiT \u015bwiadczy kompleksowe us\u0142ugi budowlane i ziemne na terenie wojew\u00f3dztwa \u015bl\u0105skiego. Specjalizujemy si\u0119 w:<\/p>\n\n\n\n<ul class=\"wp-block-list\">\n<li>wyburzeniach i rozbi\u00f3rkach,<\/li>\n\n\n\n<li>monta\u017cu ogrodze\u0144 panelowych i betonowych,<\/li>\n\n\n\n<li>niwelacji i przygotowaniu terenu pod inwestycje,<\/li>\n\n\n\n<li>brukarstwie i uk\u0142adaniu kostki brukowej<\/li>\n\n\n\n<li>transporcie materia\u0142\u00f3w sypkich<\/li>\n\n\n\n<li>us\u0142ugach kopark\u0105 ko\u0142ow\u0105<\/li>\n<\/ul>\n\n\n\n<p><strong>@<\/strong><br><strong>www<\/strong><br><strong>\u260f <\/strong>730 390 858<\/p>\n<\/div><figure class=\"wp-block-media-text__media\"><img loading=\"lazy\" decoding=\"async\" width=\"256\" height=\"261\" src=\"https:\/\/zwonowice.pl\/wp-content\/uploads\/2025\/10\/wawro.jpg\" alt=\"\" class=\"wp-image-181 size-full\"\/><\/figure><\/div>\n\n\n\n<hr class=\"wp-block-separator has-alpha-channel-opacity\"\/>\n\n\n\n<div class=\"wp-block-media-text is-stacked-on-mobile\" style=\"grid-template-columns:38% auto\"><figure class=\"wp-block-media-text__media\"><img loading=\"lazy\" decoding=\"async\" width=\"1024\" height=\"646\" src=\"https:\/\/zwonowice.pl\/wp-content\/uploads\/2025\/11\/ruckzuck-1024x646.jpg\" alt=\"\" class=\"wp-image-248 size-full\" srcset=\"https:\/\/zwonowice.pl\/wp-content\/uploads\/2025\/11\/ruckzuck-1024x646.jpg 1024w, https:\/\/zwonowice.pl\/wp-content\/uploads\/2025\/11\/ruckzuck-300x189.jpg 300w, https:\/\/zwonowice.pl\/wp-content\/uploads\/2025\/11\/ruckzuck-768x484.jpg 768w, https:\/\/zwonowice.pl\/wp-content\/uploads\/2025\/11\/ruckzuck-1536x969.jpg 1536w, https:\/\/zwonowice.pl\/wp-content\/uploads\/2025\/11\/ruckzuck-850x536.jpg 850w, https:\/\/zwonowice.pl\/wp-content\/uploads\/2025\/11\/ruckzuck.jpg 1600w\" sizes=\"auto, (max-width: 1024px) 100vw, 1024px\" \/><\/figure><div class=\"wp-block-media-text__content\">\n<p><strong>Prestige Salon RuckZuck Pod\u0142ogi i Drzwi<\/strong><\/p>\n\n\n\n<p>G\u0142\u00f3wn\u0105 pozycj\u0105 naszej oferty handlowej s\u0105 pod\u0142ogi laminowane, drewniane jak<br>i bambusowe, stolarka drzwiowa wewn\u0119trzna i zewn\u0119trzna r\u00f3\u017cnych producent\u00f3w,<br>wszelkiego rodzaju akcesoria i elementy wyposa\u017cenia wn\u0119trz.<\/p>\n\n\n\n<ul class=\"wp-block-list\">\n<li>pod\u0142ogi laminowane, drewniane, bambusowe, winylowe<\/li>\n\n\n\n<li>stolark\u0119 drzwiow\u0105: drzwi wewn\u0119trzne i zewn\u0119trzne<\/li>\n\n\n\n<li>okna, bramy, wyko\u0144czenia (akcesoria, listwy, chemia)<\/li>\n\n\n\n<li>beton architektoniczny<\/li>\n\n\n\n<li>produkty kompozytowe (deski tarasowe, stolark\u0119 drzwiow\u0105 kompozytow\u0105)<\/li>\n<\/ul>\n\n\n\n<p><strong>@<\/strong> rybnik@ruckzuck-partner.pl<br><strong>www<\/strong><br><strong>\u260f <\/strong>692 450 682<\/p>\n<\/div><\/div>\n\n\n\n<hr class=\"wp-block-separator has-alpha-channel-opacity\"\/>\n\n\n\n<p><\/p>\n","protected":false},"excerpt":{"rendered":"<p>Aby doda\u0107 swoj\u0105 firm\u0119, napisz do nas na adres: bok@zwonowice.pl W wiadomo\u015bci podaj nazw\u0119 firmy lub marki, logo lub zdj\u0119cie, kr\u00f3tki opis dzia\u0142alno\u015bci oraz dane kontaktowe.<\/p>\n","protected":false},"author":1,"featured_media":0,"parent":0,"menu_order":0,"comment_status":"closed","ping_status":"closed","template":"","meta":{"footnotes":""},"class_list":["post-59","page","type-page","status-publish","hentry"],"_links":{"self":[{"href":"https:\/\/zwonowice.pl\/index.php\/wp-json\/wp\/v2\/pages\/59","targetHints":{"allow":["GET"]}}],"collection":[{"href":"https:\/\/zwonowice.pl\/index.php\/wp-json\/wp\/v2\/pages"}],"about":[{"href":"https:\/\/zwonowice.pl\/index.php\/wp-json\/wp\/v2\/types\/page"}],"author":[{"embeddable":true,"href":"https:\/\/zwonowice.pl\/index.php\/wp-json\/wp\/v2\/users\/1"}],"replies":[{"embeddable":true,"href":"https:\/\/zwonowice.pl\/index.php\/wp-json\/wp\/v2\/comments?post=59"}],"version-history":[{"count":7,"href":"https:\/\/zwonowice.pl\/index.php\/wp-json\/wp\/v2\/pages\/59\/revisions"}],"predecessor-version":[{"id":249,"href":"https:\/\/zwonowice.pl\/index.php\/wp-json\/wp\/v2\/pages\/59\/revisions\/249"}],"wp:attachment":[{"href":"https:\/\/zwonowice.pl\/index.php\/wp-json\/wp\/v2\/media?parent=59"}],"curies":[{"name":"wp","href":"https:\/\/api.w.org\/{rel}","templated":true}]}}